{"id":51481,"date":"2025-03-29T14:00:00","date_gmt":"2025-03-29T05:00:00","guid":{"rendered":"http:\/\/V-CMS.library.local\/?page_id=51481"},"modified":"2025-03-29T14:00:04","modified_gmt":"2025-03-29T05:00:04","slug":"slag1456","status":"publish","type":"page","link":"https:\/\/www.library.pref.osaka.jp\/site\/central\/bunko-ichikawa.html","title":{"rendered":"\u5927\u962a\u5e9c\u7acb\u4e2d\u592e\u56f3\u66f8\u9928\u8535\u3000\u5e02\u6cb3\u6587\u5eab"},"content":{"rendered":"\n<h2 class=\"wp-block-heading\">\u8cc7\u6599\u306e\u6982\u8981<\/h2>\n\n\n\n<div class=\"wp-block-columns vk_block-margin-xs--margin-bottom vk_block-margin-xs--margin-top is-layout-flex wp-container-3 wp-block-columns-is-layout-flex\">\n<div class=\"wp-block-column is-layout-flow wp-block-column-is-layout-flow\" style=\"flex-basis:33.33%\"><div class=\"wp-block-image\">\n<figure class=\"aligncenter\"><img decoding=\"async\" src=\"https:\/\/www.library.pref.osaka.jp\/uploaded\/image\/146.jpg\" alt=\"\u5e02\u6cb3\u6587\u5eab\u306e\u753b\u50cf\"\/><\/figure><\/div><\/div>\n\n\n\n<div class=\"wp-block-column is-layout-flow wp-block-column-is-layout-flow\" style=\"flex-basis:66.66%\">\n<p>\u82f1\u6587\u5b66\u8005\u306e\u5e02\u6cb3\u4e09\u559c\u6c0f\u3088\u308a\u5bc4\u8d08\u3092\u53d7\u3051\u305f\u3002\u8a00\u8a9e\u5b66\u3084\u82f1\u8a9e\u5b66\u306b\u95a2\u3059\u308b\u56f3\u66f8\u304c\u4e2d\u5fc3\u3067\u8a00\u8a9e\u5b66\u30fb\u66f8\u8a8c\u5b66\u4e0a\u8cb4\u91cd\u306a\u3082\u306e\u304c\u591a\u3044\u3002\u4e2d\u592e\u56f3\u66f8\u9928\u958b\u9928\u6642\u306b\u4e2d\u4e4b\u5cf6\u56f3\u66f8\u9928\u304b\u3089\u79fb\u7ba1\u3055\u308c\u305f\u3002<br>\u5e02\u6cb3\u6587\u5eab\u306e\u66f8\u7269\u3059\u3079\u3066\u306b\u8cbc\u3063\u3066\u3042\u308bex libris\u306fPhoenix\u306e\u56f3\u67c4\u3067\u3042\u308b\u3002\u30a4\u30ae\u30ea\u30b9\u306e\u8a69\u4ebaRalph Hodgson,1871-1962\u304c\u5e02\u6cb3\u535a\u58eb\u306e\u305f\u3081\u306b\u88fd\u4f5c\u3057\u305f\u3002<\/p>\n\n\n\n<ul>\n<li>\u3010\u70b9\u6570\u3011\u3000\uff1a\u548c\u66f823\u518a\u3001\u6d0b\u66f81,008\u518a\u3001\u5185\u8cb4\u91cd\u66f817\u70b9(26\u518a)<\/li>\n\n\n\n<li>\u3010\u76ee\u9332\u3011\u3000\uff1a<a rel=\"noreferrer noopener\" href=\"https:\/\/www.library.pref.osaka.jp\/bib\/?B10976209\" data-type=\"link\" data-id=\"https:\/\/www.library.pref.osaka.jp\/bib\/?B10976209\" target=\"_blank\">&#8220;A classified catalogue of the Ichikawa &amp; Saito collection of the Osaka Prefectural Library&nbsp;Classified catalogue of the Ichikawa &amp; Saito collection of the Osaka Prefectural Library&#8221;<\/a>\uff081967\u3000Osaka Prefectural Library\uff09\u3010029\/O4\/9\u3011\uff08\u5927\u962a\u5e9c\u7acb\u56f3\u66f8\u9928\u8535\u5e02\u6cb3\u30fb\u658e\u85e4\u6587\u5eab\u76ee\u9332\uff09\u3000<a rel=\"noreferrer noopener\" href=\"https:\/\/da.library.pref.osaka.jp\/content\/detail\/05-0000051\" data-type=\"link\" data-id=\"https:\/\/da.library.pref.osaka.jp\/content\/detail\/05-0000051\" target=\"_blank\">\u00bb&nbsp;\u304a\u304a\u3055\u304be\u30b3\u30ec\u30af\u30b7\u30e7\u30f3\u3067\u95b2\u89a7<\/a><\/li>\n\n\n\n<li>\u3010\u5229\u7528\u3011\u3000\uff1a\u95b2\u89a7\u53ef\u30fb\u8907\u5199\u53ef\uff08\u4e00\u90e8\u8cc7\u6599\u306f\u4ee3\u66ff\u8cc7\u6599\u304b\u3089\u306e\u8907\u5199\uff09\u30fb\u8cb8\u51fa\u4e0d\u53ef<\/li>\n<\/ul>\n<\/div>\n<\/div>\n\n\n\n<h2 class=\"wp-block-heading\">\u4e3b\u306a\u8cc7\u6599<\/h2>\n\n\n\n<p>Grammatik, Logik und Psychologie ihre Principien und ihr Verh\u00e4ltniss zu Einander \/ von H. Steinthal Berlin : F. D\u00fcmmler, 1855 xxxii, 392, 8 p. : 22 cm<br><a href=\"https:\/\/www.library.pref.osaka.jp\/bib\/?B11227609\">\u5e02\u6cb3\u6587\u5eab\/\u7532144\/#<\/a>&nbsp;&nbsp;&nbsp;&nbsp;2510688688<\/p>\n\n\n\n<p>\u8457\u8005\u306f\u3001\u30c9\u30a4\u30c4\u306e\u8a00\u8a9e\u5b66\u8005\u3001\u54f2\u5b66\u8005\u3002\u8a00\u8a9e\u5b66\u3068\u5fc3\u7406\u5b66\u306e\u63d0\u643a\u3092\u6700\u521d\u306b\u4e3b\u5f35\u3057\u3001\u4e16\u754c\u306e\u8af8\u8a00\u8a9e\u306e\u69cb\u9020\u7684\u30bf\u30a4\u30d7\u306b\u3088\u308b\u5206\u985e\u3092\u8a66\u307f\u305f\u3002\u672c\u66f8\u306e\u898b\u8fd4\u3057\u306b\u306f\u30a4\u30ae\u30ea\u30b9\u306e\u8457\u540d\u306a\u97f3\u58f0\u5b66\u8005 Sweet , Henry \u304c\u3053\u306e\u66f8\u3092\u5165\u624b\u3059\u308b\u306b\u3064\u3044\u3066\u306e\u82e6\u5fc3\u306e\u624b\u8a18\u304c\u3042\u308b\u3002<\/p>\n\n\n\n<p class=\"has-text-align-right\">\u2192<a href=\"https:\/\/da.library.pref.osaka.jp\/content\/detail\/04-0001315\">\u304a\u304a\u3055\u304be\u30b3\u30ec\u30af\u30b7\u30e7\u30f3\u3067\u95b2\u89a7<\/a><\/p>\n\n\n\n<hr class=\"wp-block-separator has-alpha-channel-opacity\"\/>\n\n\n\n<p>Dictionarium siue thesauri lingu\u00e6 Iaponic\u00e6 compendium : compositum, &amp; sacr\u00e6 de Propaganda Fide Congregationi dicatum \u00e0 fratre Didaco Collado ord. pr\u00e6dicatorum Rom\u00e6 anno 1632 Rom\u00e6 : Typis &amp; impensis Sacr. Congr. de Prop. Fide, 1632 355 p. : 21 cm<\/p>\n\n\n\n<p><a href=\"https:\/\/www.library.pref.osaka.jp\/bib\/?B11241251\">\u5e02\u6cb3\u6587\u5eab\/\u75324\/#<\/a>&nbsp;&nbsp;&nbsp;&nbsp;2510688621<\/p>\n\n\n\n<p>\u30b3\u30ea\u30e3\u30c9\u8457 \u300c\u65e5\u672c\u8a9e\u8f9e\u5178\u300d \u521d\u7248\u672c<\/p>\n\n\n\n<p class=\"has-text-align-right\">\u2192<a href=\"https:\/\/da.library.pref.osaka.jp\/content\/detail\/04-0001474\" data-type=\"link\" data-id=\"https:\/\/da.library.pref.osaka.jp\/content\/detail\/04-0001474\">\u304a\u304a\u3055\u304be\u30b3\u30ec\u30af\u30b7\u30e7\u30f3\u3067\u95b2\u89a7<\/a><\/p>\n\n\n\n<hr class=\"wp-block-separator has-alpha-channel-opacity\"\/>\n\n\n\n<p>Ars grammaticae Iaponicae linguae : in gratiam et adiutorium eorum, qui pr\u00e6dicandi Euangelij causa ad Iaponi\u00e6 Regnum se voluerint conferre \/ composita &amp; sacr\u00e6 de Propaganda Fide Congregationi dicata \u00e0 Fr. Dicado Collado Ordinis Pr\u00e6dicatorum per aliquot annos in pr\u00e6dicto regno fidei catholic\u00e6 propagationis ministro Rom\u00e6 : Typis &amp; impensis Sac. Congr. de Propag. Fide, 1632 75 p. : 21 cm<\/p>\n\n\n\n<p>&nbsp;<a href=\"https:\/\/www.library.pref.osaka.jp\/bib\/?B11241250\">\u5e02\u6cb3\u6587\u5eab\/\u75326\/#<\/a>&nbsp;&nbsp;&nbsp;&nbsp;2510688639<\/p>\n\n\n\n<p>\u30b3\u30ea\u30e3\u30c9\u8457\u300c\u65e5\u672c\u8a9e\u6587\u5178\u300d\u521d\u7248\u672c, \u65e5\u672c\u8a9e\u3092\u30e9\u30c6\u30f3\u8a9e\u8a33\u3057\u305f\u3082\u306e\u3002\u30b3\u30ea\u30e3\u30c9\u306f\u30b9\u30da\u30a4\u30f3\u306e\u30c9\u30df\u30cb\u30b3\u4f1a\u5ba3\u6559\u5e2b\u3067\u30011619\u5e74(\u5143\u548c5)\u304b\u30891622\u5e74(\u540c8\u5e74)\u307e\u3067\u9577\u5d0e\u306b\u4f4f\u3093\u3067\u3044\u305f\u3002\u4e0a\u8a18\u306e\u66f8\u306f\u30b3\u30ea\u30e3\u30c9\u304c\u65e5\u672c\u3067\u306e\u6b89\u6559\u66f8\u985e\u3092\u63d0\u51fa\u3059\u308b\u305f\u3081\u30ed\u30fc\u30de\u306b\u4f7f\u3057\u305f\u6ede\u5728\u4e2d\u3001\u520a\u884c\u3057\u305f\u3002\u50c5\u304b3\u5e74\u306e\u3001\u3057\u304b\u3082\u30ad\u30ea\u30b9\u30c8\u6559\u8feb\u5bb3\u4e0b\u306e\u65e5\u672c\u306b\u3042\u3063\u3066\u3001\u3069\u308c\u307b\u3069\u306e\u65e5\u672c\u8a9e\u306b\u7cbe\u901a\u3057\u5f97\u305f\u304b\u306b\u306f\u7591\u554f\u3068\u3055\u308c\u3066\u3044\u308b\u304c\u3001\u7a00\u66f8\u3068\u3055\u308c\u308b\u3079\u304d\u3082\u306e\u3067\u3042\u308d\u3046\u3002<\/p>\n\n\n\n<p class=\"has-text-align-right\"><br>\u2192<a href=\"https:\/\/da.library.pref.osaka.jp\/content\/detail\/04-0000341\" data-type=\"link\" data-id=\"https:\/\/da.library.pref.osaka.jp\/content\/detail\/04-0000341\">\u304a\u304a\u3055\u304be\u30b3\u30ec\u30af\u30b7\u30e7\u30f3\u3067\u95b2\u89a7<\/a><\/p>\n\n\n\n<hr class=\"wp-block-separator has-alpha-channel-opacity\"\/>\n\n\n\n<p>Familiar method for those who begin to learn the English language \/ [Hori Tatsnoskay] [S.l.] : [s.n.], [18\u2013] 110 p. : 17 cm<\/p>\n\n\n\n<p><a href=\"https:\/\/www.library.pref.osaka.jp\/bib\/?B11241308\">\u5e02\u6cb3\u6587\u5eab\/\u7532253\/#<\/a>&nbsp;&nbsp;&nbsp;&nbsp;2510688704<\/p>\n\n\n\n<p>\u8457\u8005\u306f\u9577\u5d0e\u306e\u901a\u8a5e\u3067\u3001\u30da\u30ea\u30fc\u6765\u822a\u306e\u969b\u6d3b\u8e8d\u3057\u3001\u5f8c\u3001\u958b\u6210\u6240\u306e\u82f1\u8a9e\u6559\u6388\u3068\u306a\u3063\u305f\u3002\u672c\u66f8\u306f\u6559\u79d1\u66f8\u7528\u3068\u3057\u3066R.van der Pije\u306e\u201d\u82f1\u862d\u5bfe\u8a33\u8a9e\u5b66\u66f8(\u5b89\u653f\u5143\u5e74)\u201d\u304b\u3089\u82f1\u6587\u306e\u307f\u3092\u63a1\u3063\u3066\u7de8\u7e82\u3057\u305f\u3082\u306e\u3002\u65e5\u672c\u82f1\u8a9e\u5b66\u53f2\u4e0a\u8208\u5473\u3092\u305d\u305d\u3089\u308c\u308b\u3002<\/p>\n\n\n\n<p class=\"has-text-align-right\"><br>\u2192<a href=\"https:\/\/da.library.pref.osaka.jp\/content\/detail\/04-0001258\">\u304a\u304a\u3055\u304be\u30b3\u30ec\u30af\u30b7\u30e7\u30f3\u3067\u95b2\u89a7<\/a><\/p>\n\n\n\n<hr class=\"wp-block-separator has-alpha-channel-opacity\"\/>\n\n\n\n<p>Asia Polyglotta \/ von Julius Klaproth Paris : Schubart, 1823 1 v. : 27 cm<\/p>\n\n\n\n<p><a href=\"https:\/\/www.library.pref.osaka.jp\/bib\/?B11202452\">\u5e02\u6cb3\u6587\u5eab\/216\/#<\/a>&nbsp;&nbsp;&nbsp;&nbsp;2510544923<\/p>\n\n\n\n<p>\u30a2\u30b8\u30a2\u8af8\u6c11\u65cf\u3092\u8a00\u8a9e\u985e\u4f3c\u306b\u5f93\u3063\u3066\u5206\u985e\u3057\u305f\u3082\u306e\u3002\u8a00\u8a9e\u5206\u5e03\u56f3\u3092\u4ed8\u3059\u3002\u8457\u8005\u306f\u30c9\u30a4\u30c4\u306e\u6771\u6d0b\u5b66\u8005\u3001\u30a2\u30b8\u30a2\u5730\u65b9\u306e\u65c5\u884c\u5bb6\u3067\u3001\u72ec\u5b66\u3067\u4e2d\u56fd\u8a9e\u3092\u7fd2\u5f97\u3057\u3001\u307e\u305f\u6771\u30b7\u30d9\u30ea\u30a2irkutsk\u306e\u65e5\u672c\u8a9e\u5b66\u6821\u6559\u5e2b\u3001\u795e\u660c\u4e38\u306e\u6f02\u6c11\u4f0a\u52e2\u306e\u5927\u9ed2\u5c4b\u5149\u592a\u592b\u4e00\u884c\u306e1\u4eba\u3001\u65b0\u8535\uff08\u30b3\u30ed\u30c6\u30ae\u30f3\uff09\u306b\u3064\u3044\u3066\u65e5\u672c\u8a9e\u5f59\u3092\u3064\u304f\u3063\u305f\u3002 \u898b\u8fd4\u3057\u306b\u8457\u8005\u81ea\u7b46\u306e\u732e\u8a5e\u3042\u308a\u3002<\/p>\n\n\n\n<hr class=\"wp-block-separator has-alpha-channel-opacity\"\/>\n\n\n\n<p>Etymologicon lingu\u00e6 Anglican\u00e6, seu explicatio vocum Anglicarum etymologica ex propriis fontibus, scil. ex linguis duodecim : accedit etymologicon botanicum \u2026 accedit &amp; tertio vocum forensium tum antiquarum &amp; jam obsoletarum, tu m recentium, &amp; qu\u00e6 adhuc \/ authore Stephano Skinner, M.D Londini : Typis T. Roycroft, &amp; prostant venales apud H. Brome \u2026 R. Clavel, B. Tooke \u2026 &amp; T. Sawbridge \u2026, 1671 ca. 800 p. : 32 cm<\/p>\n\n\n\n<p><a href=\"https:\/\/www.library.pref.osaka.jp\/bib\/?B11241298\">\u5e02\u6cb3\u6587\u5eab\/\u75321\/#<\/a>&nbsp;&nbsp;&nbsp;&nbsp;2510688597<\/p>\n\n\n\n<p>Skinner\u306e\u4ee3\u8868\u7684\u8457\u4f5c\u3002\u30a4\u30ae\u30ea\u30b9\u306e\u8f9e\u66f8\u7de8\u96c6\u8005\u3001\u8a9e\u6e90\u5b66\u8005\u3001\u5185\u79d1\u533b\u3002<\/p>\n\n\n\n<p class=\"has-text-align-right\">\u2192<a href=\"https:\/\/da.library.pref.osaka.jp\/content\/detail\/04-0000450\">\u304a\u304a\u3055\u304be\u30b3\u30ec\u30af\u30b7\u30e7\u30f3\u3067\u95b2\u89a7<\/a><\/p>\n\n\n\n<hr class=\"wp-block-separator has-alpha-channel-opacity\"\/>\n\n\n\n<p>Revised and enlarged edition of exercises in the Yokohama dialect. \u2013 22nd thousandth, revised and corrected at the special request of the author Yokohama : Printed at the Japan Gazette Office, 1879 17 p. : 19 cm<\/p>\n\n\n\n<p><a href=\"https:\/\/www.library.pref.osaka.jp\/bib\/?B11241294\">\u5e02\u6cb3\u6587\u5eab\/\u7532566\/#<\/a>&nbsp;&nbsp;&nbsp;&nbsp;2510688720<\/p>\n\n\n\n<p>Cope\u306f\u7af6\u58f2\u4eba\u3067\u3001\u6a2a\u6d5c\u306b\u6c38\u304f\u4f4f\u3093\u3067\u304a\u308a\u3001\u672c\u66f8\u306fBishop Homoco(\u672c\u7267\u50e7\u6b63)\u3068\u3044\u3046\u540d\u3067\u7de8\u96c6\u3055\u308c\u305f\u3002 \u3053\u308c\u306f\u3001\u6765\u65e5\u3057\u305f\u5916\u56fd\u4eba\u304c\u3001\u65e5\u672c\u8a9e(\u6a2a\u6d5c\u5f01)\u306e\u5fc5\u8981\u306b\u8feb\u3089\u308c\u3001\u805e\u304d\u899a\u3048\u306e\u65e5\u672c\u8a9e\u3092\u5f7c\u3089\u306e\u9023\u60f3\u3057\u3084\u3059\u3044\u7db4\u308a\u65b9\u306b\u3057\u305f\u3082\u306e\u3002\u4f8b\u3048\u3070difficult : moods cashey(\u30e0\u30c5\u30ab\u30b7\u30a4)\u3001hot water : oh you(\u30aa\u30e6)\u3001I feel ill : am buy worry(\u30a2\u30f3\u30d0\u30a4\u30ef\u30eb\u30a4)\u7b49\u3005\u3002\u3053\u308c\u307e\u305f\u8208\u5473\u6df1\u3044\u3068\u8a00\u3048\u308b\u3060\u308d\u3046\u3002 \u30a4\u30ae\u30ea\u30b9\u306e\u65e5\u672c\u5b66\u8005Basil Hall Chamberlain , 1850-1935\u306e\u7f72\u540d\u3042\u308a\u3002<\/p>\n\n\n\n<p class=\"has-text-align-right\">\u2192<a href=\"https:\/\/da.library.pref.osaka.jp\/content\/detail\/04-0000968\">\u304a\u304a\u3055\u304be\u30b3\u30ec\u30af\u30b7\u30e7\u30f3\u3067\u95b2\u89a7<\/a><\/p>\n\n\n\n<p class=\"has-text-align-right\"><a href=\"https:\/\/www.library.pref.osaka.jp\/site\/central\/homocoimage.html\">\u2192\u753b\u50cf<\/a><\/p>\n","protected":false},"excerpt":{"rendered":"<p>\u8cc7\u6599\u306e\u6982\u8981 \u82f1\u6587\u5b66\u8005\u306e\u5e02\u6cb3\u4e09\u559c\u6c0f\u3088\u308a\u5bc4\u8d08\u3092\u53d7\u3051\u305f\u3002\u8a00\u8a9e\u5b66\u3084\u82f1\u8a9e\u5b66\u306b\u95a2\u3059\u308b\u56f3\u66f8\u304c\u4e2d\u5fc3\u3067\u8a00\u8a9e\u5b66\u30fb\u66f8\u8a8c\u5b66\u4e0a\u8cb4\u91cd\u306a\u3082\u306e\u304c\u591a\u3044\u3002\u4e2d\u592e\u56f3\u66f8\u9928\u958b\u9928\u6642\u306b\u4e2d\u4e4b\u5cf6\u56f3\u66f8\u9928\u304b\u3089\u79fb\u7ba1\u3055\u308c\u305f\u3002\u5e02\u6cb3\u6587\u5eab\u306e\u66f8\u7269\u3059\u3079\u3066\u306b\u8cbc\u3063\u3066\u3042\u308bex libris\u306fPh [&hellip;]<\/p>\n","protected":false},"author":2,"featured_media":0,"parent":51477,"menu_order":15261,"comment_status":"closed","ping_status":"closed","template":"","meta":{"_lmt_disableupdate":"","_lmt_disable":"","_themeisle_gutenberg_block_has_review":false,"footnotes":""},"acf":[],"_links":{"self":[{"href":"https:\/\/www.library.pref.osaka.jp\/index.php?rest_route=\/wp\/v2\/pages\/51481"}],"collection":[{"href":"https:\/\/www.library.pref.osaka.jp\/index.php?rest_route=\/wp\/v2\/pages"}],"about":[{"href":"https:\/\/www.library.pref.osaka.jp\/index.php?rest_route=\/wp\/v2\/types\/page"}],"author":[{"embeddable":true,"href":"https:\/\/www.library.pref.osaka.jp\/index.php?rest_route=\/wp\/v2\/users\/2"}],"replies":[{"embeddable":true,"href":"https:\/\/www.library.pref.osaka.jp\/index.php?rest_route=%2Fwp%2Fv2%2Fcomments&post=51481"}],"version-history":[{"count":16,"href":"https:\/\/www.library.pref.osaka.jp\/index.php?rest_route=\/wp\/v2\/pages\/51481\/revisions"}],"predecessor-version":[{"id":99988,"href":"https:\/\/www.library.pref.osaka.jp\/index.php?rest_route=\/wp\/v2\/pages\/51481\/revisions\/99988"}],"up":[{"embeddable":true,"href":"https:\/\/www.library.pref.osaka.jp\/index.php?rest_route=\/wp\/v2\/pages\/51477"}],"wp:attachment":[{"href":"https:\/\/www.library.pref.osaka.jp\/index.php?rest_route=%2Fwp%2Fv2%2Fmedia&parent=51481"}],"curies":[{"name":"wp","href":"https:\/\/api.w.org\/{rel}","templated":true}]}}