{"id":113073,"date":"2026-03-25T13:00:00","date_gmt":"2026-03-25T04:00:00","guid":{"rendered":"https:\/\/www.library.pref.osaka.jp\/?page_id=113073"},"modified":"2026-03-25T11:58:00","modified_gmt":"2026-03-25T02:58:00","slug":"%e5%b0%8f%e7%ac%a0%e5%8e%9f%e3%83%86%e3%82%b9%e3%83%88_%e3%83%95%e3%83%a9%e3%83%b3%e3%82%b9%e7%99%be%e7%a7%91%e5%85%a8%e6%9b%b8%e3%82%a4%e3%83%b3%e3%83%87%e3%83%83%e3%82%af%e3%82%b9_%e3%82%a2-2","status":"publish","type":"page","link":"https:\/\/www.library.pref.osaka.jp\/site\/oec\/france.html","title":{"rendered":"\u30d5\u30e9\u30f3\u30b9\u767e\u79d1\u5168\u66f8 \u56f3\u7248\u96c6"},"content":{"rendered":"\n<h1 class=\"wp-block-heading has-large-font-size\">\u30d5\u30e9\u30f3\u30b9\u767e\u79d1\u5168\u66f8 \u56f3\u7248\u96c6<\/h1>\n\n\n<div class=\"wp-block-image vk_block-margin-md--margin-top\">\n<figure class=\"aligncenter size-full\"><img decoding=\"async\" loading=\"lazy\" width=\"540\" height=\"400\" src=\"https:\/\/www.library.pref.osaka.jp\/contents\/wp-content\/uploads\/francehyakkatop.jpg\" alt=\"\u300e\u30d5\u30e9\u30f3\u30b9\u767e\u79d1\u5168\u66f8\u300f\u672c\u5dfb\u7b2c1\u5dfb\u3000\u30bf\u30a4\u30c8\u30eb\u30da\u30fc\u30b8\u304a\u3088\u3073\u53e3\u7d75\" class=\"wp-image-113888\"\/><figcaption class=\"wp-element-caption\"><strong>\u672c\u5dfb\u7b2c1\u5dfb\u3000\u30bf\u30a4\u30c8\u30eb\u30da\u30fc\u30b8\u304a\u3088\u3073\u53e3\u7d75<\/strong><\/figcaption><\/figure><\/div>\n\n\n<h2 class=\"wp-block-heading\"><strong><span data-fontsize=\"24px\" style=\"font-size: 24px;\" class=\"vk_inline-font-size\">\u30d5\u30e9\u30f3\u30b9\u767e\u79d1\u5168\u66f8\u306b\u3064\u3044\u3066<\/span><\/strong><\/h2>\n\n\n\n<p>\u3000\u30d5\u30e9\u30f3\u30b9\u767e\u79d1\u5168\u66f8\uff08L&#8217;encyclopedie,ou Dictionnaire raisonn\u00e9 des sciences,des arts et des m\u00e9tiers,par une Soci\u00e9t\u00e9 de Gens de Lettres\uff09\u306f\u3001 18\u4e16\u7d00\u30d5\u30e9\u30f3\u30b9\u5553\u8499\u601d\u60f3\u306e\u96c6\u5927\u6210\u3068\u3057\u3066\u30c7\u30a3\u30c9\u30ed\u3068\u30c0\u30e9\u30f3\u30d9\u30fc\u30eb\u306e\u76e3\u4fee\u306b\u3088\u308a20\u5e74\u4f59\u308a\u306e\u6b73\u6708\u3092\u304b\u3051\u3066\u5b8c\u6210\u3055\u308c\u305f\u58ee\u5927\u306a\u767e\u79d1\u5168\u66f8\u3067\u3001\u672c\u5dfb17\u5dfb\u3001\u56f3\u7248\u96c611\u5dfb\u3088\u308a\u6210\u308a\u3001\u9805\u76ee\u6570\u306f6\u4e07\u4f59\u308a\u306b\u306e\u307c\u308a\u307e\u3059\u3002<\/p>\n\n\n\n<p>\u30001751\u5e74\u306b\u7b2c1\u5dfb\u304c\u51fa\u7248\u3055\u308c\u307e\u3057\u305f\u304c\u3001\u7d76\u5bfe\u4e3b\u7fa9\u7684\u6a29\u5a01\u306e\u5426\u5b9a\u3084\u4eba\u9593\u7cbe\u795e\u306e\u89e3\u653e\u3092\u57fa\u672c\u306b\u3057\u305f\u300c\u767e\u79d1\u5168\u66f8\u300d\u306f\u3001\u6559\u4f1a\u3092\u4e2d\u5fc3\u3068\u3057\u305f\u53cd\u5bfe\u6d3e\u304b\u3089\u306e\u653b\u6483\u3067\u3044\u3063\u305f\u3093\u51fa\u7248\u3092\u53d6\u308a\u6d88\u3055\u308c\u307e\u3059\u3002\u305d\u306e\u5f8c\u3082\u3055\u307e\u3056\u307e\u306a\u8feb\u5bb3\u3092\u53d7\u3051\u307e\u3059\u304c\u3001\u30c7\u30a3\u30c9\u30ed\u306f\u56f0\u96e3\u3092\u4e57\u308a\u5207\u308a\u30011772\u5e74\u306b\u6700\u5f8c\u306e\u56f3\u7248\u96c6\u3092\u5b8c\u6210\u3055\u305b\u307e\u3057\u305f\u30021776\u5e74\u304b\u30891780\u5e74\u306b\u304b\u3051\u3066\u767a\u884c\u3055\u308c\u305f\u88dc\u5dfb4\u5dfb\u304a\u3088\u3073\u7d22\u5f152\u5dfb\u306f\u3001\u30de\u30eb\u30e2\u30f3\u30c6\u30eb\u306e\u7de8\u96c6\u3067\u3059\u3002<\/p>\n\n\n\n<p>\u3000 \u767e\u79d1\u5168\u66f8\u306f\u3001\u521d\u7248\u304c\u30d1\u30ea\u3067\u767a\u884c\u3055\u308c\u305f\u5f8c\u3001\u30b8\u30e5\u30cd\u30fc\u30f4\u3001\u30ed\u30fc\u30b6\u30f3\u30cc\u7b49\u5404\u5730\u3067\u767a\u884c\u3055\u308c\u307e\u3059\u304c\u3001\u5927\u962a\u5e9c\u7acb\u4e2d\u592e\u56f3\u66f8\u9928\u3067\u306f\u30d1\u30ea\u767a\u884c\u306e\u521d\u7248\u3092\u5927\u539f\u6587\u5eab\u306e\u8cb4\u91cd\u66f8\u30b3\u30ec\u30af\u30b7\u30e7\u30f3\u3068\u3057\u3066\u6240\u8535\u3057\u3066\u3044\u307e\u3059\u3002<\/p>\n\n\n\n<p>\u3000\u30d5\u30e9\u30f3\u30b9\u767e\u79d1\u5168\u66f8 \u56f3\u7248\u96c6\uff08Recueil de Planches,sur les sciences,les arts lib\u00e9raux,les arts m\u00e9chaniques,avec leur explication\uff09\u306b\u306f\u3001\u7d043000\u70b9\u306e\u9285\u7248\u753b\u304c\u53ce\u9332\u3055\u308c\u3066\u3044\u307e\u3059\u30022004\u5e74\u3001\u5f53\u9928\u3067\u306f\u3053\u306e\u7cbe\u5bc6\u306a\u9285\u7248\u753b\u3092\u30c7\u30b8\u30bf\u30eb\u753b\u50cf\u306b\u3066\u30db\u30fc\u30e0\u30da\u30fc\u30b8\u3067\u516c\u958b\u3057\u307e\u3057\u305f\uff082026\u5e74\u300c\u304a\u304a\u3055\u304be\u30b3\u30ec\u30af\u30b7\u30e7\u30f3\u300d\u306b\u79fb\u884c\uff09\u3002<br>\u3000\u8077\u4eba\u306e\u50cd\u304f\u59ff\u3068\u4ed5\u4e8b\u5834\u98a8\u666f\u3001\u5ead\u5712\u3084\u5efa\u7bc9\u69d8\u5f0f\u3001\u72e9\u731f\u65b9\u6cd5\u3084\u7832\u8853\u306a\u3069\u5f53\u6642\u306e\u793e\u4f1a\u5b9f\u76f8\u3092\u30d3\u30b8\u30e5\u30a2\u30eb\u306b\u3054\u89a7\u3044\u305f\u3060\u3051\u307e\u3059\u3002<\/p>\n\n\n\n<div class=\"wp-block-vk-blocks-border-box vk_borderBox vk_borderBox-background-transparent has-text-color has-luminous-vivid-orange-color vk_custom_css_3 vk_block-margin-md--margin-top is-style-vk_borderBox-style-solid-kado-tit-tab\"><div class=\"vk_borderBox_title_container has-background has-luminous-vivid-orange-background-color\"><i class=\"\"><\/i><h4 class=\"vk_borderBox_title\">\u8a73\u7d30\u691c\u7d22<\/h4><\/div><div class=\"vk_borderBox_body\">\n<p class=\"vk_custom_css_1\">\u30ad\u30fc\u30ef\u30fc\u30c9\u3092\u5165\u529b\u306e\u4e0a\u3001\u691c\u7d22\u3057\u307e\u3059\u3002<br>\u539f\u672c\u304c2\u56f3\u7248\u4ee5\u4e0a\u3067\u69cb\u6210\u3055\u308c\u3066\u3044\u308b\u3082\u306e\u306f\u3001\u56f3\u7248\u3092\u3042\u308f\u305b\u3066\u8868\u793a\u3057\u305f\u3082\u306e\uff08\u30da\u30fc\u30b8\u3054\u3068\u306e\u56f3\u7248\u3092\u7d44\u307f\u5408\u308f\u305b\u305f\u3082\u306e\u3067\u3059\u3002\u753b\u50cf\u306e\u4e00\u90e8\u304c\u91cd\u8907\u3057\u3066\u3044\u307e\u3059\uff09\u3068\u5404\u56f3\u7248\u3092\u305d\u308c\u305e\u308c\u8868\u793a\u3057\u307e\u3059\u3002<\/p>\n\n\n\n<div class=\"wp-block-vk-blocks-button vk_button vk_button-color-custom vk_button-align-center vk_custom_css_2\"><a href=\"https:\/\/da.library.pref.osaka.jp\/content\/advancedsearch\/encyclopedia\" class=\"vk_button_link btn has-background has-luminous-vivid-orange-background-color btn-lg\" role=\"button\" aria-pressed=\"true\" rel=\"noopener\"><div class=\"vk_button_link_caption\"><span class=\"vk_button_link_txt\">\u8a73\u7d30\u691c\u7d22\u306f\u3053\u3061\u3089\u304b\u3089<\/span><\/div><\/a><\/div>\n<\/div><\/div>\n\n\n\n<div class=\"wp-block-vk-blocks-border-box vk_borderBox vk_borderBox-background-transparent has-text-color has-luminous-vivid-orange-color vk_custom_css_5 is-style-vk_borderBox-style-solid-kado-tit-tab\"><div class=\"vk_borderBox_title_container has-background has-luminous-vivid-orange-background-color\"><i class=\"\"><\/i><h4 class=\"vk_borderBox_title\">\u76ee\u6b21<\/h4><\/div><div class=\"vk_borderBox_body\">\n<p class=\"vk_custom_css_4\">\u56f3\u7248\u3092\u30c6\u30fc\u30de\u5225\u306b\u5206\u985e\u3057\u305f\u3082\u306e\u3067\u3059\u3002\u9805\u76ee\u3092\u30af\u30ea\u30c3\u30af\u3059\u308b\u3068\u3001\u305d\u306e\u9805\u76ee\u3092\u3055\u3089\u306b\u7d30\u304b\u304f\u5206\u3051\u305f\u7d30\u9805\u76ee\u3092\u8868\u793a\u3057\u307e\u3059\u3002<\/p>\n\n\n\n<div id=\"result\"><\/div>\n\n<script language=\"javascript\">\n<!--\nconst url = \"https:\/\/www.library.pref.osaka.jp\/contents\/wp-content\/uploads\/France_data.json\";\t\/\/ JSON\u30d5\u30a1\u30a4\u30eb\u540d\n\n\nobjFrance = JSON.parse(sessionStorage.getItem('opl-france'));\n\n\nif(objFrance==undefined){\n\tfetch(url)\n\t.then( response => response.json())\n\t.then( data => setJSON(data));\n}else{\n\tdispPage();\n}\n\nfunction setJSON(data){\n\tobjFrance = data;\n\tsessionStorage.setItem('opl-france', JSON.stringify(objFrance));\n    dispPage();\n}\n\n\/\/\/\/\/\/\/\/\/\/\/\/\/\/\/\/\/\/\/\/\/\/\/\/\/\/\/\/\/\/\/\/\/\/\/\/\/\/\/\/\/\/\/\/\/\/\/\/\/\/\/\/\/\/\/\/\/\/\/\/\/\/\/\/\/\/\/\/\/\/\/\/\/\/\/\/\/\/\/\/\/\/\/\/\/\/\/\/\/\/\/\/\/\/\/\/\/\/\/\/\/\/\/\/\/\/\/\/\/\/\/\/\/\/\/\/\/\/\/\/\n\/\/ \u3000\u3000\u3000\u3000\u3000\u3000\u3000\u3000\u3000\u3000\u3000\u3000\u3000\u3000\u3000\u7740\u624b\u4e00\u89a7\n\/\/\/\/\/\/\/\/\/\/\/\/\/\/\/\/\/\/\/\/\/\/\/\/\/\/\/\/\/\/\/\/\/\/\/\/\/\/\/\/\/\/\/\/\/\/\/\/\/\/\/\/\/\/\/\/\/\/\/\/\/\/\/\/\/\/\/\/\/\/\/\/\/\/\/\/\/\/\/\/\/\/\/\/\/\/\/\/\/\/\/\/\/\/\/\/\/\/\/\/\/\/\/\/\/\/\/\/\/\/\/\/\/\/\/\/\/\/\/\/\nfunction dispMaking(){\n    let i = 0;\n    let html = ``;\n\n\tfor(let c1 of objFrance.France){\n\t\t\n        \/\/ \u7b2c\uff11\u90e8\u3000\u5929\u7136\u8cc7\u6e90\u306e\u958b\u767a\n\t\thtml += `<h3 class=\"wp-block-heading has-text-align-left\"><span data-fontsize=\"20px\" style=\"font-size: 20px;\" class=\"vk_inline-font-size\">${c1.c01_name}<\/span><\/h3>`;\n\n        if(c1.cat2 != undefined){\n            \n            for(let c2 of c1.cat2){\n                \/\/ 1\uff0d\u8fb2\u696d\n                html += `<div class=\"wp-block-vk-blocks-accordion vk_fr_accordion \">`;\n\n                html += `<div class=\"wp-block-vk-blocks-accordion-trigger vk_fr_accordion-trigger\">`;\n                html += `<h4 class=\"wp-block-heading has-text-align-left\">${c2.c02_name}<\/h4>`;\n                html += `<span class=\"vk_fr_accordion-toggle vk_fr_accordion-toggle-close\"><\/span><\/div>`;\n                html += `<div class=\"wp-block-vk-blocks-accordion-target vk_fr_accordion-target vk_fr_accordion-target-close\">`;\n                \n                if(c2.cat3 != undefined){\n                    \n                    for(let c3 of c2.cat3){\n\n                        \/\/ \u3059\u304d\uff08\u7282\uff09\u30fb\u307e\u3050\u308f\uff08\u99ac\u936c\uff09\u30fb\u64ad\u7a2e\u6a5f\n                        html += `<div class=\"wp-block-vk-blocks-accordion vk_fr_accordion\">`;\n                        html += `<div class=\"wp-block-vk-blocks-accordion-trigger vk_fr_accordion-trigger\">`;\n                        html += `<h5 class=\"wp-block-heading\">${c3.c03_name}<\/h5>`;\n                        html += `<span class=\"vk_fr_accordion-toggle vk_fr_accordion-toggle-close\"><\/span><\/div>`;\n                        html += `<div class=\"wp-block-vk-blocks-accordion-target vk_fr_accordion-target\">`;\n                        if(c3.data != undefined){\n                            \n                            \/\/ html += `<div class=\"wp-block-vk-blocks-button vk_button vk_button-color-custom vk_button-align-left\">`;\n\t\t\t\t\t\t\t\/\/ html += `<a class=\"vk_fr_button vk_button_link btn has-background has-vk-color-primary-background-color btn-md\" role=\"button\" aria-pressed=\"true\" rel=\"noopener\" style=\"padding:0;\">`;\n\t\t\t\t\t\t\t\/\/ html += `<div class=\"vk_button_link_caption\"><span class=\"vk_button_link_txt\" style=\"color: #dc3545\">\u300c${c3.c03_name}\u300d\u306e\u4e00\u89a7\u3092\u8868\u793a<\/span><\/div><\/a><\/div>`;\n\t\t\t\t\t\t\thtml += `<div class=\"wp-block-vk-blocks-button vk_button vk_button-color-custom vk_button-align-center vk_custom_css_2\">`;\n\t\t\t\t\t\t\t\/\/ html += `<a href=\"https:\/\/da.library.pref.osaka.jp\/content\/searchresult\/encyclopedia?encyclopediaSaiKoumoku=${c3.c03_name}&encyclopediaSaiKoumokuMatchSearch=exact\" class=\"vk_button_link btn has-background has-luminous-vivid-orange-background-color btn-lg\" role=\"button\" aria-pressed=\"true\" rel=\"noopener\">`;\n\t\t\t\t\t\t\thtml += `<a href=\"https:\/\/da.library.pref.osaka.jp\/content\/searchresult\/encyclopedia?encyclopediaSaiKoumoku=${c3.c03_name}&encyclopediaSaiKoumokuMatchSearch=exact\" class=\"vk_button_link btn has-background has-luminous-vivid-orange-background-color btn-lg\" role=\"button\" aria-pressed=\"true\" rel=\"noopener\">`;\n\t\t\t\t\t\t\thtml += `<div class=\"vk_button_link_caption\"><span class=\"vk_button_link_txt\">\u300c${c3.c03_name}\u300d\u306e\u4e00\u89a7\u3092\u8868\u793a<\/span>`;\n\t\t\t\t\t\t\thtml += `<\/div><\/a><\/div>`;\n\t\t\t\t\t\n\t\t\t\t\thtml += `<ul class=\"vk_fr_ul\">`;\n                            for(let dt of c3.data){\n                                \n                                \/\/ \u8015\u4f5c\u3068\u8fb2\u5177\uff0c\u56f32\u901a\u5e38\u306e\u7282\u30fb\u30fb\u30fb\n                                if(dt.sID == \"\"){\n                                \thtml += `<li id=\"${dt.sID}\">${dt.fName}<\/li>`;\n                                }else{\n                                \thtml += `<li id=\"${dt.sID}\"><a href=\"https:\/\/da.library.pref.osaka.jp\/content\/detail\/${dt.sID}\">${dt.fName}<\/a><\/li>`;\n                                }\n                                \n                            }\n                            html += `<ul\/>`;\n                            \n                            \n                        }\n                        html += `<\/div>`;\n                        html += `<\/div>`;\n                    }\n                }\n                html += `<\/div>`;\n                html += `<\/div>`;\n            }\n            \/\/ html += `<\/div>`;\n            \/\/ html += `<\/div>`;\n        }\n\t}\n\tresult.innerHTML = html;\n\nconst accordion_fr = document.querySelectorAll(\".vk_fr_accordion, .vk_fr_accordion-container\");\nlet accordionTarget_fr, accordionToggle_fr;\nconst accordionToggleLoop_fr = o => {\n    accordion_fr[o].querySelector(\".vk_fr_accordion-toggle\").classList.contains(\"vk_fr_accordion-toggle-open\") && accordion_fr[o].querySelector(\".vk_fr_accordion-target\").classList.add(\"vk_fr_accordion-target-open\"),\n    accordion_fr[o].querySelector(\".vk_fr_accordion-toggle\").classList.contains(\"vk_fr_accordion-toggle-close\") && accordion_fr[o].querySelector(\".vk_fr_accordion-target\").classList.add(\"vk_fr_accordion-target-close\"),\n    accordion_fr[o].querySelector(\".vk_fr_accordion-toggle\").addEventListener(\"click\", () => {\n        accordionToggle_fr = accordion_fr[o].querySelector(\".vk_fr_accordion-toggle\"),\n        accordionTarget_fr = accordion_fr[o].querySelector(\".vk_fr_accordion-target\"),\n        accordionToggle_fr.classList.contains(\"vk_fr_accordion-toggle-close\") ? (accordionToggle_fr.classList.remove(\"vk_fr_accordion-toggle-close\"),\n        accordionToggle_fr.classList.add(\"vk_fr_accordion-toggle-open\"),\n        accordionTarget_fr.classList.remove(\"vk_fr_accordion-target-close\"),\n        accordionTarget_fr.classList.add(\"vk_fr_accordion-target-open\")) : (accordionToggle_fr.classList.remove(\"vk_fr_accordion-toggle-open\"),\n        accordionToggle_fr.classList.add(\"vk_fr_accordion-toggle-close\"),\n        accordionTarget_fr.classList.remove(\"vk_fr_accordion-target-open\"),\n        accordionTarget_fr.classList.add(\"vk_fr_accordion-target-close\"))\n    }\n    , !1)\n}\n;\nfor (let o = 0; o < accordion_fr.length; o++)\n    accordionToggleLoop_fr(o);\n\n\n\n}\n\nfunction dispPage(){\n    dispMaking();\n}\n\n\/\/\/\/\/\/\/\/\/\/\/\/\/\/\/\/\/\/\/\/\/\/\/\/\/\/\/\/\/\/\/\/\/\/\/\/\/\/\/\/\/\/\/\/\/\/\/\/\/\/\/\/\/\/\/\/\/\/\/\/\/\/\/\/\/\/\/\/\/\/\/\/\/\/\/\/\/\/\/\/\/\/\/\/\/\/\/\/\/\/\/\/\/\/\/\/\/\/\/\/\/\/\/\/\/\/\/\/\/\/\/\/\/\/\/\/\/\/\/\/\n\/\/ \u3000\u3000\u3000\u3000\u3000\u3000\u3000\u3000\u3000\u3000\u3000\u3000\u3000\u3000\u3000\u8d77\u52d5\u6642\u306e\u51e6\u7406\n\/\/\/\/\/\/\/\/\/\/\/\/\/\/\/\/\/\/\/\/\/\/\/\/\/\/\/\/\/\/\/\/\/\/\/\/\/\/\/\/\/\/\/\/\/\/\/\/\/\/\/\/\/\/\/\/\/\/\/\/\/\/\/\/\/\/\/\/\/\/\/\/\/\/\/\/\/\/\/\/\/\/\/\/\/\/\/\/\/\/\/\/\/\/\/\/\/\/\/\/\/\/\/\/\/\/\/\/\/\/\/\/\/\/\/\/\/\/\/\/\nwindow.addEventListener(\"load\", ()=>{\n\t\n\tobjFrance = JSON.parse(sessionStorage.getItem('opl-france'));\nresult = document.getElementById(\"result\");\n\n\n\tif(objFrance==undefined){\n\t\tfetch(url)\n\t\t.then( response => response.json())\n\t\t.then( data => setJSON(data));\n\t}else{\n\t\tdispPage();\n\t}\n\n\n});\n\/\/-->\n<\/script>\n\n\n\n<style type='text\/css'>\n.vk_fr_ul {\n\tlist-style: disc;\n\tpadding-left:12px;\n}\n.vk_fr_button {\n\tpadding-top: 0;\n}\n            .vk_fr_accordion {\n                display: block;\n                overflow: hidden;\n                margin: 0 auto 1em auto;\n                width: 100%;\n                position: relative\n            }\n\n            .vk_fr_accordion:not(.is-style-vk_fr_accordion-no-background-color-border):not(.is-style-vk_fr_accordion-background-color):not(.is-style-vk_fr_accordion-background-color-border):not(.is-style-vk_fr_accordion-background-color-rounded):not(.is-style-vk_fr_accordion-background-color-rounded-border) {\n                border-bottom: 1px solid var(--vk-color-border)\n            }\n\n            .vk_fr_accordion-trigger {\n                border: none;\n                padding-top: calc(var(--vk-size-text) * 1);\n                padding-right: calc(var(--vk-size-text) * 2);\n                padding-bottom: calc(var(--vk-size-text) * 1);\n                padding-left: calc(var(--vk-size-text) * 1);\n                margin: 0;\n                margin-bottom: -1px;\n                position: relative;\n                font-size: 16px;\n                background: transparent;\n                cursor: pointer\n            }\n\n            .vk_fr_accordion-trigger p {\n                -webkit-margin-before: 0;\n                margin-block-start:0}\n\n            .vk_fr_accordion-trigger>*:last-of-type {\n                margin-top: 0;\n                margin-bottom: 0\n            }\n\n            .vk_fr_accordion-trigger .vk_fr_accordion-toggle {\n                position: absolute;\n                top: 0;\n                left: 0;\n                width: 100%;\n                height: 100%\n            }\n\n            .vk_fr_accordion-trigger .vk_fr_accordion-toggle-open {\n                border-bottom: 1px dotted var(--vk-color-border)\n            }\n\n            .vk_fr_accordion-trigger .vk_fr_accordion-toggle-close,.vk_fr_accordion-trigger .vk_fr_accordion-toggle-open {\n                padding-bottom: 0;\n                margin-bottom: 0\n            }\n\n            .vk_fr_accordion-trigger .vk_fr_accordion-toggle-close::after,.vk_fr_accordion-trigger .vk_fr_accordion-toggle-open::after {\n                position: absolute;\n                top: 50%;\n                right: unset;\n                right: 4rem;\n                content: \"\";\n                width: 8px;\n                height: 8px;\n                border-right: 1px solid #222;\n                border-top: 1px solid #222;\n                transition: border-color .3s ease,-webkit-transform .6s ease;\n                -webkit-transition: border-color .3s ease,-webkit-transform .6s ease;\n                transition: border-color .3s ease,transform .6s ease;\n                transition: border-color .3s ease,transform .6s ease,-webkit-transform .6s ease\n            }\n\n            .vk_fr_accordion-trigger .vk_fr_accordion-toggle-close::after {\n                -webkit-transform: translate(32px,-5px) rotate(135deg);\n                transform: translate(32px,-5px) rotate(135deg)\n            }\n\n            .vk_fr_accordion-trigger .vk_fr_accordion-toggle-open::after {\n                -webkit-transform: translate(32px,-2px) rotate(-45deg);\n                transform: translate(32px,-2px) rotate(-45deg)\n            }\n\n            .vk_fr_accordion-target {\n                padding: calc(var(--vk-size-text) * 1)\n            }\n\n            .vk_fr_accordion-target>*:last-child {\n                margin-bottom: 0\n            }\n\n            .vk_fr_accordion-target p {\n                -webkit-margin-before: 0;\n                margin-block-start:0}\n\n            .vk_fr_accordion-target-open {\n                height: auto;\n                overflow: hidden;\n                opacity: 1;\n                -webkit-transition: .25s;\n                transition: .25s\n            }\n\n            .vk_fr_accordion-target-close {\n                padding-top: 0;\n                padding-bottom: 0;\n                height: 0;\n                opacity: 0;\n                -webkit-transition: .25s;\n                transition: .25s;\n                overflow: hidden\n            }\n\n            .vk_fr_accordion-target-close * {\n                margin-top: 0;\n                margin-bottom: 0\n            }\n<\/style>\n\n\n\n<p>\u76ee\u6b21\u306e\u69cb\u6210\u306b\u3064\u3044\u3066\u306f<a href=\"https:\/\/www.library.pref.osaka.jp\/bib\/?B10618934\" data-type=\"link\" data-id=\"https:\/\/www.library.pref.osaka.jp\/bib\/?B10618934\" target=\"_blank\" rel=\"noreferrer noopener\">\u300e\u30d5\u30e9\u30f3\u30b9\u767e\u79d1\u5168\u66f8\u7d75\u5f15\u300f<\/a>\uff08\u30b8\u30e3\u30c3\u30af\u30fb\u30d7\u30eb\u30fc\u30b9\u30c8\/\u76e3\u4fee\u30fb\u89e3\u8aac\u3000\u5e73\u51e1\u793e\u30001985.9\uff09\u3010A1\/842\u3011\u306e\u76ee\u6b21\u306b\u65e5\u672c\u8a9e\u7d22\u5f15\u3092\u4ed8\u52a0\u3057\u3066\u4f5c\u6210\u3057\u307e\u3057\u305f\u3002<\/p>\n\n\n\n<p><\/p>\n<\/div><\/div>\n\n\n\n<div class=\"wp-block-vk-blocks-border-box vk_borderBox vk_borderBox-background-transparent has-text-color has-luminous-vivid-orange-color vk_custom_css_6 is-style-vk_borderBox-style-solid-kado-tit-tab\"><div class=\"vk_borderBox_title_container has-background has-luminous-vivid-orange-background-color\"><i class=\"\"><\/i><h4 class=\"vk_borderBox_title\">\u53c2\u8003\u6587\u732e<\/h4><\/div><div class=\"vk_borderBox_body\">\n<ul>\n<li><a rel=\"noreferrer noopener\" href=\"https:\/\/www.library.pref.osaka.jp\/bib\/?B10561739\" data-type=\"link\" data-id=\"https:\/\/www.library.pref.osaka.jp\/bib\/?B10561739\" target=\"_blank\">\u300e\u30d5\u30e9\u30f3\u30b9\u767e\u79d1\u5168\u66f8\u306e\u7814\u7a76\u300f<\/a>\uff08\u6851\u539f\u6b66\u592b\/\u7de8\u3000\u5ca9\u6ce2\u66f8\u5e97\u30001970\uff09\u3010030\/K1\/1\u3011<\/li>\n\n\n\n<li><a href=\"https:\/\/www.library.pref.osaka.jp\/bib\/?B10566125\" data-type=\"link\" data-id=\"https:\/\/www.library.pref.osaka.jp\/bib\/?B10566125\" target=\"_blank\" rel=\"noreferrer noopener\">\u300e\u767e\u79d1\u5168\u66f8\uff1a\u5e8f\u8ad6\u304a\u3088\u3073\u4ee3\u8868\u9805\u76ee\u300f<\/a>\uff08\u30c7\u30a3\u30c9\u30ed\/\u7de8\u3001\u30c0\u30e9\u30f3\u30d9\u30fc\u30eb\/\u7de8\u3001\u6851\u539f\u6b66\u592b\/\u8a33\u7de8\u3000\u5ca9\u6ce2\u66f8\u5e97\u30001979\uff09\u3010\u304b\/761\/#\u3011<\/li>\n\n\n\n<li><a href=\"https:\/\/www.library.pref.osaka.jp\/bib\/?B10383586\" data-type=\"link\" data-id=\"https:\/\/www.library.pref.osaka.jp\/bib\/?B10383586\" target=\"_blank\" rel=\"noreferrer noopener\">\u300e\u767e\u79d1\u5168\u66f8\u300f<\/a>\uff08J.\u30d7\u30eb\u30fc\u30b9\u30c8\/[\u8457]\u3001\u5e73\u5ca1\u6607\/\u8a33\u3001\u5e02\u5ddd\u614e\u4e00\/\u8a33\u3000\u5ca9\u6ce2\u66f8\u5e97\u30001979.9\uff09\u3010035\/2\u3011<\/li>\n<\/ul>\n<\/div><\/div>\n\n\n\n<figure class=\"wp-block-table vk_block-margin-md--margin-top\" style=\"font-size:15px\"><table><tbody><tr><td>\u25cf\u300c\u30d5\u30e9\u30f3\u30b9\u767e\u79d1\u5168\u66f8 \u56f3\u7248\u96c6\u300d\uff08\u4ee5\u4e0b\u5f53\u30b3\u30f3\u30c6\u30f3\u30c4\u3068\u3044\u3044\u307e\u3059\uff09\u306e\u753b\u50cf\u306e\u8457\u4f5c\u6a29\u306f\u5927\u962a\u5e9c\u7acb\u4e2d\u592e\u56f3\u66f8\u9928\u306b\u6240\u5c5e\u3057\u307e\u3059\u3002<br><br>\u25cf\u90fd\u5408\u306b\u3088\u308a\u3001\u4e00\u90e8\u672a\u53ce\u9332\u306e\u753b\u50cf\u304c\u3042\u308a\u307e\u3059\u3002<br><br>\u25cf\u8cb4\u91cd\u66f8\uff08\u539f\u672c\uff09\u306e\u95b2\u89a7\u306b\u3064\u3044\u3066\u306f\u3001\u4e8b\u524d\u7533\u3057\u8fbc\u307f\u304c\u5fc5\u8981\u3067\u3059\u3002\u30de\u30a4\u30af\u30ed\u30d5\u30a3\u30eb\u30e0\u3067\u95b2\u89a7\u3059\u308b\u3053\u3068\u3082\u3067\u304d\u307e\u3059\u3002<br><br>\u25cf\u5f53\u30b3\u30f3\u30c6\u30f3\u30c4\u306f\u7279\u306b\u8868\u793a\u306e\u306a\u3044\u9650\u308a<a rel=\"noreferrer noopener\" href=\"https:\/\/creativecommons.jp\/licenses\/\" target=\"_blank\">\u30af\u30ea\u30a8\u30a4\u30c6\u30a3\u30d6\u30fb\u30b3\u30e2\u30f3\u30ba<\/a>\u8868\u793a4.0\u56fd\u969b\u30e9\u30a4\u30bb\u30f3\u30b9\u306e\u4e0b\u306b\u63d0\u4f9b\u3055\u308c\u3066\u3044\u307e\u3059\uff08\u300c\u304a\u304a\u3055\u304be\u30b3\u30ec\u30af\u30b7\u30e7\u30f3\u300d\u306e\u5404\u30b3\u30f3\u30c6\u30f3\u30c4\u306b\u3064\u3044\u3066\u306f\u300c<a rel=\"noreferrer noopener\" href=\"https:\/\/www.library.pref.osaka.jp\/site\/oec\/oec-help-2.html\" data-type=\"link\" data-id=\"https:\/\/www.library.pref.osaka.jp\/site\/oec\/oec-help-2.html\" target=\"_blank\">\u8cc7\u6599\u306e\u4e8c\u6b21\u5229\u7528\u306b\u3064\u3044\u3066<\/a>\u300d\u3092\u3054\u53c2\u7167\u304f\u3060\u3055\u3044\uff09\u3002<br><br>\u25cf\u5f53\u30b3\u30f3\u30c6\u30f3\u30c4\u3092\u5229\u7528\u3057\u3066\u4f5c\u6210\u3055\u308c\u305f\u66f8\u7c4d\u7b49\u306e\u6210\u679c\u7269\u3092\u305c\u3072\u3054\u63d0\u4f9b\u4e0b\u3055\u3044\uff08\u305d\u306e\u7fa9\u52d9\u3092\u8ab2\u3059\u3082\u306e\u3067\u306f\u3042\u308a\u307e\u305b\u3093\uff09\u3002<br><br>\uff1c\u539f\u672c\u95b2\u89a7\u306e\u7533\u3057\u8fbc\u307f\u304a\u3088\u3073\u6210\u679c\u7269\u3054\u63d0\u4f9b\u306b\u95a2\u3059\u308b\u9023\u7d61\u5148\uff1e<br>\u5927\u962a\u5e9c\u7acb\u4e2d\u592e\u56f3\u66f8\u9928 \u8abf\u67fb\u76f8\u8ac7\u8ab2 \u95b2\u89a7\u8abf\u6574\u62c5\u5f53\uff08\u4f4f\u6240:\u3012577-0011\u6771\u5927\u962a\u5e02\u8352\u672c\u53171-2-1 \u96fb\u8a71:06-6745-0170(\u4ee3\u8868)\uff09<\/td><\/tr><\/tbody><\/table><\/figure>\n","protected":false},"excerpt":{"rendered":"<p>\u30d5\u30e9\u30f3\u30b9\u767e\u79d1\u5168\u66f8 \u56f3\u7248\u96c6 \u30d5\u30e9\u30f3\u30b9\u767e\u79d1\u5168\u66f8\u306b\u3064\u3044\u3066 \u3000\u30d5\u30e9\u30f3\u30b9\u767e\u79d1\u5168\u66f8\uff08L&#8217;encyclopedie,ou Dictionnaire raisonn\u00e9 des sciences,des arts et des [&hellip;]<\/p>\n","protected":false},"author":935,"featured_media":0,"parent":0,"menu_order":2,"comment_status":"closed","ping_status":"closed","template":"","meta":{"_lmt_disableupdate":"","_lmt_disable":"","_themeisle_gutenberg_block_has_review":false,"footnotes":""},"acf":[],"_links":{"self":[{"href":"https:\/\/www.library.pref.osaka.jp\/index.php?rest_route=\/wp\/v2\/pages\/113073"}],"collection":[{"href":"https:\/\/www.library.pref.osaka.jp\/index.php?rest_route=\/wp\/v2\/pages"}],"about":[{"href":"https:\/\/www.library.pref.osaka.jp\/index.php?rest_route=\/wp\/v2\/types\/page"}],"author":[{"embeddable":true,"href":"https:\/\/www.library.pref.osaka.jp\/index.php?rest_route=\/wp\/v2\/users\/935"}],"replies":[{"embeddable":true,"href":"https:\/\/www.library.pref.osaka.jp\/index.php?rest_route=%2Fwp%2Fv2%2Fcomments&post=113073"}],"version-history":[{"count":45,"href":"https:\/\/www.library.pref.osaka.jp\/index.php?rest_route=\/wp\/v2\/pages\/113073\/revisions"}],"predecessor-version":[{"id":117237,"href":"https:\/\/www.library.pref.osaka.jp\/index.php?rest_route=\/wp\/v2\/pages\/113073\/revisions\/117237"}],"wp:attachment":[{"href":"https:\/\/www.library.pref.osaka.jp\/index.php?rest_route=%2Fwp%2Fv2%2Fmedia&parent=113073"}],"curies":[{"name":"wp","href":"https:\/\/api.w.org\/{rel}","templated":true}]}}